{"id":1437,"date":"2022-10-12T12:22:51","date_gmt":"2022-10-12T11:22:51","guid":{"rendered":"https:\/\/actisofia.com\/termos-e-condicoes\/"},"modified":"2022-11-21T11:21:42","modified_gmt":"2022-11-21T10:21:42","slug":"termos-e-condicoes","status":"publish","type":"page","link":"https:\/\/actisofia.com\/it\/termos-e-condicoes\/","title":{"rendered":"Termos e Condi\u00e7\u00f5es"},"content":{"rendered":"\n<p><strong>1) IDENTIFICACION:<\/strong><br\/>El presente aviso legal regula el uso del sitio web www.joelf12.sg-host.com (en adelante, LA WEB), del que es titular Actisofia S.L. (en adelante, PROPIETARIO DE LA WEB).<br\/>El PROPIETARIO DE LA WEB, en cumplimiento de la Ley 34\/2002, de 11 de julio, de servicios de la sociedad de la informaci\u00f3n y de comercio electr\u00f3nico, le informa que:<br\/>Su denominaci\u00f3n social es: Actisofia S.L. Su nombre comercial es: Actisofia S.L Su CIF es: B56073661<br\/>Su domicilio social est\u00e1 en: Calle Julio Romero de Torres n\u00ba 23 Esc B 3\u00ba F, Lucena 14900 C\u00f3rdoba<br\/>Inscrita en el Registro Mercantil de C\u00f3rdoba: Tomo 2577, Folio 191, Hoja CO-38110, Inscripci\u00f3n 1\u00aa del 31-05-2017<br\/>La empresa es regentada por M. \u00aa Dolores L\u00f3pez del Jesus, con DNI 34014205B, n\u00ba de Colegiada 14\/00\/1188, expedido por el Colegio Oficial de Odont\u00f3logos de C\u00f3rdoba.<br\/>Para comunicarse con nosotros, ponemos a su disposici\u00f3n diferentes medios de contacto que detallamos a continuaci\u00f3n: Tel\u00e9fono: 957515454 (tarificaci\u00f3n ordinaria) Correo electr\u00f3nico: actisofia@aol.com Formulario de contacto website.<br\/>Todas las notificaciones y comunicaciones entre los usuarios y el PROPIETARIO DE LA WEB se considerar\u00e1n eficaces, a todos los efectos, cuando se realicen a trav\u00e9s de correo postal o cualquier otro medio de los detallados anteriormente.<\/p>\n\n<p><strong>2) USUARIOS.<\/strong><br\/>El acceso y\/o uso de este portal del PROPIETARIO DE LA WEB, creadora del sitio, atribuye la condici\u00f3n de USUARIO, al que acepta, desde dicho acceso y\/o uso, las Condiciones Generales de Uso aqu\u00ed reflejadas. Las citadas Condiciones ser\u00e1n de aplicaci\u00f3n independientemente de las Condiciones Generales de Contrataci\u00f3n que en su caso resulten de obligado cumplimiento.<\/p>\n\n<p><strong>3) USO DEL PORTAL.<\/strong><br\/>El sitio web y sus servicios, son de acceso libre y gratuito, no obstante, el PROPIETARIO DE LA WEB condiciona la utilizaci\u00f3n de algunos de los servicios ofrecidos en su web a la previa cumplimentaci\u00f3n del correspondiente formulario, para convertirse en usuario del portal.<br\/>El usuario garantiza la autenticidad y actualidad de todos aquellos datos que comunique al PROPIETARIO DE LA WEB y ser\u00e1 el \u00fanico responsable de las manifestaciones falsas o inexactas que realice.<br\/>El usuario se compromete expresamente a hacer un uso adecuado de los contenidos y servicios del PROPIETARIO DE LA WEB y a no emplearlos para, entre otros:<br\/>a) Difundir contenidos, delictivos, violentos, pornogr\u00e1ficos, racistas, xen\u00f3fobo, ofensivos, de apolog\u00eda del terrorismo o, en general, contrarios a la ley o al orden p\u00fablico.<br\/>b) Introducir en la red virus inform\u00e1ticos, o realizar actuaciones susceptibles de alterar, estropear, interrumpir o generar errores o da\u00f1os en los documentos electr\u00f3nicos, datos o sistemas f\u00edsicos y l\u00f3gicos del PROPIETARIO DE LA WEB o de terceras personas; as\u00ed como obstaculizar el acceso de otros usuarios al sitio web y a sus servicios mediante el consumo masivo de los recursos inform\u00e1ticos a trav\u00e9s de los cuales el PROPIETARIO DE LA WEB presta sus servicios.<br\/>c) Intentar acceder a las cuentas de correo electr\u00f3nico de otros usuarios o a \u00e1reas restringidas de los sistemas inform\u00e1ticos del PROPIETARIO DE LA WEB o de terceros y, en su caso, extraer informaci\u00f3n.<br\/>d) Vulnerar los derechos de propiedad intelectual o industrial, as\u00ed como violar la confidencialidad de la informaci\u00f3n del PROPIETARIO DE LA WEB o de terceros.<br\/>e) Suplantar la identidad de otro usuario, de las administraciones p\u00fablicas o de un tercero.<br\/>f) Reproducir, copiar, distribuir, poner a disposici\u00f3n o de cualquier otra forma comunicar p\u00fablicamente, transformar o modificar los contenidos, a menos que se cuente con la autorizaci\u00f3n del titular de los correspondientes derechos, o ello resulte legalmente permitido.<br\/>g) Recabar datos con finalidad publicitaria y de remitir publicidad de cualquier clase y comunicaciones con fines de venta u otras, de naturaleza comercial sin que medie su previa solicitud o consentimiento.<\/p>\n\n<p><strong>4) POLITICA DE PRIVACIDAD.<\/strong><br\/>El PROPIETARIO DE LA WEB quiere poner en conocimiento de los usuarios y clientes de su p\u00e1gina Web, la pol\u00edtica llevada a cabo respecto al tratamiento y protecci\u00f3n de los datos de car\u00e1cter personal de aquellas personas que voluntariamente utilizan los formularios de contacto para contactar con el PROPIETARIO DE LA WEB, as\u00ed como el acceso a su p\u00e1gina propia, que impliquen la comunicaci\u00f3n de sus datos personales al PROPIETARIO DE LA WEB.<\/p>\n\n<p><strong>1) IDENTIFICACION:<\/strong><br\/>El presente aviso legal regula el uso del sitio web www.dentosofia.es (en adelante, LA WEB), del que es titular Actisofia S.L. (en adelante, PROPIETARIO DE LA WEB).<br\/>El PROPIETARIO DE LA WEB, en cumplimiento de la Ley 34\/2002, de 11 de julio, de servicios de la sociedad de la informaci\u00f3n y de comercio electr\u00f3nico, le informa que:<br\/>Su denominaci\u00f3n social es: Actisofia S.L. Su nombre comercial es: Actisofia S.L Su CIF es: B56073661<br\/>Su domicilio social est\u00e1 en: Calle Julio Romero de Torres n\u00ba 23 Esc B 3\u00ba F, Lucena 14900 C\u00f3rdoba<br\/>Inscrita en el Registro Mercantil de C\u00f3rdoba: Tomo 2577, Folio 191, Hoja CO-38110, Inscripci\u00f3n 1\u00aa del 31-05-2017<br\/>La empresa es regentada por M. \u00aa Dolores L\u00f3pez del Jesus, con DNI 34014205B, n\u00ba de Colegiada 14\/00\/1188, expedido por el Colegio Oficial de Odont\u00f3logos de C\u00f3rdoba.<br\/>Para comunicarse con nosotros, ponemos a su disposici\u00f3n diferentes medios de contacto que detallamos a continuaci\u00f3n: Tel\u00e9fono: 957515454 (tarificaci\u00f3n ordinaria) Correo electr\u00f3nico: actisofia@aol.com Formulario de contacto website.<br\/>Todas las notificaciones y comunicaciones entre los usuarios y el PROPIETARIO DE LA WEB se considerar\u00e1n eficaces, a todos los efectos, cuando se realicen a trav\u00e9s de correo postal o cualquier otro medio de los detallados anteriormente.<\/p>\n\n<p><strong>2) USUARIOS.<\/strong><br\/>El acceso y\/o uso de este portal del PROPIETARIO DE LA WEB, creadora del sitio, atribuye la condici\u00f3n de USUARIO, al que acepta, desde dicho acceso y\/o uso, las Condiciones Generales de Uso aqu\u00ed reflejadas. Las citadas Condiciones ser\u00e1n de aplicaci\u00f3n independientemente de las Condiciones Generales de Contrataci\u00f3n que en su caso resulten de obligado cumplimiento.<\/p>\n\n<p><strong>3) USO DEL PORTAL.<\/strong><br\/>El sitio web y sus servicios, son de acceso libre y gratuito, no obstante, el PROPIETARIO DE LA WEB condiciona la utilizaci\u00f3n de algunos de los servicios ofrecidos en su web a la previa cumplimentaci\u00f3n del correspondiente formulario, para convertirse en usuario del portal.<br\/>El usuario garantiza la autenticidad y actualidad de todos aquellos datos que comunique al PROPIETARIO DE LA WEB y ser\u00e1 el \u00fanico responsable de las manifestaciones falsas o inexactas que realice.<br\/>El usuario se compromete expresamente a hacer un uso adecuado de los contenidos y servicios del PROPIETARIO DE LA WEB y a no emplearlos para, entre otros:<br\/>a) Difundir contenidos, delictivos, violentos, pornogr\u00e1ficos, racistas, xen\u00f3fobo, ofensivos, de apolog\u00eda del terrorismo o, en general, contrarios a la ley o al orden p\u00fablico.<br\/>b) Introducir en la red virus inform\u00e1ticos, o realizar actuaciones susceptibles de alterar, estropear, interrumpir o generar errores o da\u00f1os en los documentos electr\u00f3nicos, datos o sistemas f\u00edsicos y l\u00f3gicos del PROPIETARIO DE LA WEB o de terceras personas; as\u00ed como obstaculizar el acceso de otros usuarios al sitio web y a sus servicios mediante el consumo masivo de los recursos inform\u00e1ticos a trav\u00e9s de los cuales el PROPIETARIO DE LA WEB presta sus servicios.<br\/>c) Intentar acceder a las cuentas de correo electr\u00f3nico de otros usuarios o a \u00e1reas restringidas de los sistemas inform\u00e1ticos del PROPIETARIO DE LA WEB o de terceros y, en su caso, extraer informaci\u00f3n.<br\/>d) Vulnerar los derechos de propiedad intelectual o industrial, as\u00ed como violar la confidencialidad de la informaci\u00f3n del PROPIETARIO DE LA WEB o de terceros.<br\/>e) Suplantar la identidad de otro usuario, de las administraciones p\u00fablicas o de un tercero.<br\/>f) Reproducir, copiar, distribuir, poner a disposici\u00f3n o de cualquier otra forma comunicar p\u00fablicamente, transformar o modificar los contenidos, a menos que se cuente con la autorizaci\u00f3n del titular de los correspondientes derechos, o ello resulte legalmente permitido.<br\/>g) Recabar datos con finalidad publicitaria y de remitir publicidad de cualquier clase y comunicaciones con fines de venta u otras, de naturaleza comercial sin que medie su previa solicitud o consentimiento.<\/p>\n\n<p><strong>4) POLITICA DE PRIVACIDAD.<\/strong><br\/>El PROPIETARIO DE LA WEB quiere poner en conocimiento de los usuarios y clientes de su p\u00e1gina Web, la pol\u00edtica llevada a cabo respecto al tratamiento y protecci\u00f3n de los datos de car\u00e1cter personal de aquellas personas que voluntariamente utilizan los formularios de contacto para contactar con el PROPIETARIO DE LA WEB, as\u00ed como el acceso a su p\u00e1gina propia, que impliquen la comunicaci\u00f3n de sus datos personales al PROPIETARIO DE LA WEB.<\/p>\n","protected":false},"excerpt":{"rendered":"<p>1) IDENTIFICACION:El presente aviso legal regula el uso del sitio web www.joelf12.sg-host.com (en adelante, LA WEB), del que es titular Actisofia S.L. (en adelante, PROPIETARIO DE LA WEB).El PROPIETARIO DE LA WEB, en cumplimiento de la Ley 34\/2002, de 11 de julio, de servicios de la sociedad de la informaci\u00f3n y de comercio electr\u00f3nico, le [&hellip;]<\/p>\n","protected":false},"author":1,"featured_media":0,"parent":0,"menu_order":0,"comment_status":"closed","ping_status":"closed","template":"","meta":{"_acf_changed":false,"footnotes":""},"class_list":["post-1437","page","type-page","status-publish","hentry"],"acf":[],"_links":{"self":[{"href":"https:\/\/actisofia.com\/it\/wp-json\/wp\/v2\/pages\/1437","targetHints":{"allow":["GET"]}}],"collection":[{"href":"https:\/\/actisofia.com\/it\/wp-json\/wp\/v2\/pages"}],"about":[{"href":"https:\/\/actisofia.com\/it\/wp-json\/wp\/v2\/types\/page"}],"author":[{"embeddable":true,"href":"https:\/\/actisofia.com\/it\/wp-json\/wp\/v2\/users\/1"}],"replies":[{"embeddable":true,"href":"https:\/\/actisofia.com\/it\/wp-json\/wp\/v2\/comments?post=1437"}],"version-history":[{"count":1,"href":"https:\/\/actisofia.com\/it\/wp-json\/wp\/v2\/pages\/1437\/revisions"}],"predecessor-version":[{"id":1438,"href":"https:\/\/actisofia.com\/it\/wp-json\/wp\/v2\/pages\/1437\/revisions\/1438"}],"wp:attachment":[{"href":"https:\/\/actisofia.com\/it\/wp-json\/wp\/v2\/media?parent=1437"}],"curies":[{"name":"wp","href":"https:\/\/api.w.org\/{rel}","templated":true}]}}