{"id":1433,"date":"2022-10-12T08:58:17","date_gmt":"2022-10-12T07:58:17","guid":{"rendered":"https:\/\/actisofia.com\/politica-de-privacidade\/"},"modified":"2022-11-21T11:48:59","modified_gmt":"2022-11-21T10:48:59","slug":"politica-de-privacidade","status":"publish","type":"page","link":"https:\/\/actisofia.com\/es\/politica-de-privacidade\/","title":{"rendered":"Pol\u00edtica de privacidad"},"content":{"rendered":"\n<p>La privacidad es de gran importancia para Actisofia S.L. y queremos mantener una actitud abierta y transparente al tratar sus datos personales. Por lo tanto, disponemos de una pol\u00edtica que establece c\u00f3mo se tratan y protegen sus datos personales.<\/p>\n\n<p><strong>\u00bfQui\u00e9n es el responsable del tratamiento de sus datos?<\/strong><br\/><strong>Raz\u00f3n social:<\/strong> Actisofia S.L.<br\/><strong>CIF:<\/strong> B56073661<br\/><strong>Domicilio social:<\/strong> Calle Julio Romero de Torres n\u00ba 23 Esc B 3\u00ba F, Lucena 14900 C\u00f3rdoba<br\/><strong>Correo electr\u00f3nico de contacto:<\/strong> actisofia@aol.com<br\/><strong>Tel\u00e9fono:<\/strong> 957515454<\/p>\n\n<p><strong>Cl\u00e1usula informativa formulario de contacto<\/strong><br\/>En cumplimiento del Reglamento General de Protecci\u00f3n de Datos (UE) 2016\/679 del Parlamento Europeo y del Consejo de 27 de abril de 2016 le informamos que los datos por Vd. proporcionados ser\u00e1n objeto de tratamiento por parte de Actisofia S.L. con el fin de responder a sus solicitud y enviarle informaci\u00f3n comercial relacionada con nuestros productos y servicios por cualquier medio (postal, email o tel\u00e9fono).<br\/>La base legal para el tratamiento de sus datos se encuentra en el consentimiento por usted otorgado al env\u00edo de la informaci\u00f3n comercial.<br\/>Los datos proporcionados se conservar\u00e1n mientras no solicite el cese de la actividad. Los datos no se ceder\u00e1n a terceros salvo en los casos en que exista una obligaci\u00f3n legal.<br\/>Usted tiene derecho a obtener confirmaci\u00f3n sobre si en Actisofia S.L. estamos tratando sus datos personales y por tanto tiene derecho a ejercer sus derechos de acceso, rectificaci\u00f3n, limitaci\u00f3n del tratamiento, portabilidad, oposici\u00f3n al tratamiento y supresi\u00f3n de sus datos as\u00ed como el derecho a presentar una reclamaci\u00f3n ante la Autoridad de Control mediante escrito dirigido a la direcci\u00f3n postal arriba mencionada o electr\u00f3nica actisofia@aol.com adjuntado copia del DNI en ambos casos.<\/p>\n\n<p><strong>1. \u00bfCon qu\u00e9 finalidad tratamos sus datos personales?<\/strong><br\/>En Actisofia S.L. tratamos la informaci\u00f3n que nos facilitan las personas interesadas con el fin de realizar la gesti\u00f3n administrativa, contable y fiscal de los servicios solicitados, as\u00ed como enviar comunicaciones comerciales sobre nuestros productos y servicios, para cuyo consentimiento usted haya prestado.<\/p>\n\n<p><strong>2. \u00bfPor cu\u00e1nto tiempo conservaremos sus datos?<\/strong><br\/>Los datos se conservar\u00e1n mientras se mantenga la relaci\u00f3n comercial, y en su caso, durante los a\u00f1os necesarios para cumplir con las obligaciones legales que resulte de aplicaci\u00f3n.<\/p>\n\n<p><strong>3. \u00bfCu\u00e1l es la legitimaci\u00f3n para el tratamiento de sus datos?<\/strong><br\/>Le indicamos la base legal para el tratamiento de sus datos: \u2022 Ejecuci\u00f3n de un contrato: Prestaci\u00f3n de los servicios solicitados \u2022 Consentimiento del interesado: Env\u00edo de comunicaciones comerciales.<\/p>\n\n<p><strong>4. \u00bfA qu\u00e9 destinatarios se comunicar\u00e1n sus datos?<\/strong><br\/>\u00danicamente se ceder\u00e1n sus datos a terceros para dar cumplimiento a las obligaciones legales.<\/p>\n\n<p><strong>5. Transferencias de datos a terceros pa\u00edses<\/strong><br\/>No est\u00e1n previstas transferencias de datos a terceros pa\u00edses.<\/p>\n\n<p><strong>6. \u00bfCu\u00e1les son sus derechos cuando nos facilita sus datos?<\/strong><br\/>Cualquier persona tiene derecho a obtener confirmaci\u00f3n sobre si en Actisofia S.L. estamos tratando datos personales que les conciernan, o no. Las personas interesadas tienen derecho a acceder a sus datos personales, as\u00ed como a solicitar la rectificaci\u00f3n de los datos inexactos o, en su caso, solicitar su supresi\u00f3n cuando, entre otros motivos, los datos ya no sean necesarios para los fines que fueron recogidos. En determinadas circunstancias, los interesados podr\u00e1n solicitar la limitaci\u00f3n del tratamiento de sus datos, en cuyo caso \u00fanicamente los conservaremos para el ejercicio o la defensa de reclamaciones.<br\/>En determinadas circunstancias y por motivos relacionados con su situaci\u00f3n particular, los interesados podr\u00e1n oponerse al tratamiento de sus datos. En este caso, Actisofia S.L. dejar\u00e1 de tratar los datos, salvo por motivos leg\u00edtimos imperiosos, o el ejercicio o la defensa de posibles reclamaciones. Podr\u00e1 ejercitar materialmente sus derechos de la siguiente forma: dirigi\u00e9ndose a la direcci\u00f3n del responsable del tratamiento adjuntando copia de su DNI o documento de identidad. Si ha otorgado su consentimiento para alguna finalidad concreta, tiene derecho a retirar el consentimiento otorgado en cualquier momento, sin que ello afecte a la licitud del tratamiento basado en el consentimiento previo a su retirada.<br\/>En caso de que sienta vulnerados sus derechos en lo concerniente a la protecci\u00f3n de sus datos personales, especialmente cuando no haya obtenido satisfacci\u00f3n en el ejercicio de sus derechos, puede presentar una reclamaci\u00f3n ante la Autoridad de Control en materia de Protecci\u00f3n de Datos competente a trav\u00e9s de su sitio web: www.agpd.es.<\/p>\n\n<p><strong>7. \u00bfC\u00f3mo hemos obtenido sus datos?<\/strong><br\/>Los datos personales que tratamos en Actisofia S.L. han sido directamente proporcionados por el interesado. Las categor\u00edas de datos que se tratan son:<\/p>\n\n<p>\u2022 Datos identificativos<\/p>\n\n<p>\u2022 Direcciones postales y electr\u00f3nicas<\/p>\n\n<p>\u2022 Informaci\u00f3n comercial<\/p>\n\n<p>No se tratan categor\u00edas especiales de datos personales (son aquellos datos que revelen el origen \u00e9tnico o racial, las opiniones pol\u00edticas, las convicciones religiosas o filos\u00f3ficas, o la afiliaci\u00f3n sindical, datos gen\u00e9ticos, datos biom\u00e9tricos dirigidos a identificar de manera un\u00edvoca a una persona f\u00edsica, datos relativos a la salud o datos relativos a la vida sexual o la orientaci\u00f3n sexual de una persona f\u00edsica)<\/p>\n","protected":false},"excerpt":{"rendered":"<p>La privacidad es de gran importancia para Actisofia S.L. y queremos mantener una actitud abierta y transparente al tratar sus datos personales. Por lo tanto, disponemos de una pol\u00edtica que establece c\u00f3mo se tratan y protegen sus datos personales. \u00bfQui\u00e9n es el responsable del tratamiento de sus datos?Raz\u00f3n social: Actisofia S.L.CIF: B56073661Domicilio social: Calle Julio [&hellip;]<\/p>\n","protected":false},"author":1,"featured_media":0,"parent":0,"menu_order":0,"comment_status":"closed","ping_status":"closed","template":"","meta":{"_acf_changed":false,"footnotes":""},"class_list":["post-1433","page","type-page","status-publish","hentry"],"acf":[],"_links":{"self":[{"href":"https:\/\/actisofia.com\/es\/wp-json\/wp\/v2\/pages\/1433","targetHints":{"allow":["GET"]}}],"collection":[{"href":"https:\/\/actisofia.com\/es\/wp-json\/wp\/v2\/pages"}],"about":[{"href":"https:\/\/actisofia.com\/es\/wp-json\/wp\/v2\/types\/page"}],"author":[{"embeddable":true,"href":"https:\/\/actisofia.com\/es\/wp-json\/wp\/v2\/users\/1"}],"replies":[{"embeddable":true,"href":"https:\/\/actisofia.com\/es\/wp-json\/wp\/v2\/comments?post=1433"}],"version-history":[{"count":3,"href":"https:\/\/actisofia.com\/es\/wp-json\/wp\/v2\/pages\/1433\/revisions"}],"predecessor-version":[{"id":1447,"href":"https:\/\/actisofia.com\/es\/wp-json\/wp\/v2\/pages\/1433\/revisions\/1447"}],"wp:attachment":[{"href":"https:\/\/actisofia.com\/es\/wp-json\/wp\/v2\/media?parent=1433"}],"curies":[{"name":"wp","href":"https:\/\/api.w.org\/{rel}","templated":true}]}}